{"id":2,"date":"2007-11-27T17:05:20","date_gmt":"2007-11-27T16:05:20","guid":{"rendered":""},"modified":"2023-02-28T10:47:55","modified_gmt":"2023-02-28T09:47:55","slug":"about","status":"publish","type":"page","link":"https:\/\/www.ozone3d.net\/blogs\/lab\/about\/","title":{"rendered":"A Propos"},"content":{"rendered":"<p>Ce blog est la version plus moderne de mon ancien blog (plus dispo). En ces temps recul\u00e9s, je postais souvent des articles et tutoriaux sur les cartes 3D ou la prog graphique. Maintenant, les articles sont essentiellement post\u00e9s sur le site principal <a href=\"https:\/\/geeks3d.com\">Geeks3D<\/a>.<\/p>\n<p>Je me sers de ce blog comme plateforme d&#8217;exp\u00e9rimentation des nouveaux th\u00e8mes wordpress ou des plugins que je trouve. Et occasionnellement, il me sert de bloc-note pour y stocker des liens ou des infos int\u00e9ressants.<\/p>\n<p><!--\n&nbsp;\n[wp-rss-aggregator template=\"t01\" source=\"1303\" limit=\"10\"]\n--><\/p>\n","protected":false},"excerpt":{"rendered":"<p>Ce blog est la version plus moderne de mon ancien blog (plus dispo). En ces temps recul\u00e9s, je postais souvent des articles et tutoriaux sur les cartes 3D ou la prog graphique. Maintenant, les articles sont essentiellement post\u00e9s sur le site principal Geeks3D. Je me sers de ce blog comme plateforme d&#8217;exp\u00e9rimentation des nouveaux th\u00e8mes wordpress ou des plugins que je trouve. Et occasionnellement, il &hellip; <a href=\"https:\/\/www.ozone3d.net\/blogs\/lab\/about\/\" class=\"more-link\">Continue reading <span class=\"screen-reader-text\">A Propos<\/span> <span class=\"meta-nav\">&raquo;<\/span><\/a><\/p>\n","protected":false},"author":2,"featured_media":0,"parent":0,"menu_order":2,"comment_status":"closed","ping_status":"closed","template":"","meta":{"footnotes":""},"class_list":["post-2","page","type-page","status-publish","hentry"],"aioseo_notices":[],"_links":{"self":[{"href":"https:\/\/www.ozone3d.net\/blogs\/lab\/wp-json\/wp\/v2\/pages\/2","targetHints":{"allow":["GET"]}}],"collection":[{"href":"https:\/\/www.ozone3d.net\/blogs\/lab\/wp-json\/wp\/v2\/pages"}],"about":[{"href":"https:\/\/www.ozone3d.net\/blogs\/lab\/wp-json\/wp\/v2\/types\/page"}],"author":[{"embeddable":true,"href":"https:\/\/www.ozone3d.net\/blogs\/lab\/wp-json\/wp\/v2\/users\/2"}],"replies":[{"embeddable":true,"href":"https:\/\/www.ozone3d.net\/blogs\/lab\/wp-json\/wp\/v2\/comments?post=2"}],"version-history":[{"count":0,"href":"https:\/\/www.ozone3d.net\/blogs\/lab\/wp-json\/wp\/v2\/pages\/2\/revisions"}],"wp:attachment":[{"href":"https:\/\/www.ozone3d.net\/blogs\/lab\/wp-json\/wp\/v2\/media?parent=2"}],"curies":[{"name":"wp","href":"https:\/\/api.w.org\/{rel}","templated":true}]}}