{"id":12,"date":"2007-12-13T09:36:26","date_gmt":"2007-12-13T08:36:26","guid":{"rendered":"http:\/\/www.ozone3d.net\/blogs\/lab\/?page_id=12"},"modified":"2023-02-28T10:51:22","modified_gmt":"2023-02-28T09:51:22","slug":"contact","status":"publish","type":"page","link":"https:\/\/www.ozone3d.net\/blogs\/lab\/contact\/","title":{"rendered":"Contact"},"content":{"rendered":"<p>Si vous souhaitez me contacter, envoyez-moi un DM sur un de mes comptes twitter ou trouvez mon email dans mes softs (\u00e7a ne devrait pas \u00eatre trop compliqu\u00e9).<\/p>\n","protected":false},"excerpt":{"rendered":"<p>Si vous souhaitez me contacter, envoyez-moi un DM sur un de mes comptes twitter ou trouvez mon email dans mes softs (\u00e7a ne devrait pas \u00eatre trop compliqu\u00e9).<\/p>\n","protected":false},"author":2,"featured_media":0,"parent":0,"menu_order":3,"comment_status":"closed","ping_status":"closed","template":"","meta":{"footnotes":""},"class_list":["post-12","page","type-page","status-publish","hentry"],"aioseo_notices":[],"_links":{"self":[{"href":"https:\/\/www.ozone3d.net\/blogs\/lab\/wp-json\/wp\/v2\/pages\/12","targetHints":{"allow":["GET"]}}],"collection":[{"href":"https:\/\/www.ozone3d.net\/blogs\/lab\/wp-json\/wp\/v2\/pages"}],"about":[{"href":"https:\/\/www.ozone3d.net\/blogs\/lab\/wp-json\/wp\/v2\/types\/page"}],"author":[{"embeddable":true,"href":"https:\/\/www.ozone3d.net\/blogs\/lab\/wp-json\/wp\/v2\/users\/2"}],"replies":[{"embeddable":true,"href":"https:\/\/www.ozone3d.net\/blogs\/lab\/wp-json\/wp\/v2\/comments?post=12"}],"version-history":[{"count":0,"href":"https:\/\/www.ozone3d.net\/blogs\/lab\/wp-json\/wp\/v2\/pages\/12\/revisions"}],"wp:attachment":[{"href":"https:\/\/www.ozone3d.net\/blogs\/lab\/wp-json\/wp\/v2\/media?parent=12"}],"curies":[{"name":"wp","href":"https:\/\/api.w.org\/{rel}","templated":true}]}}